{"id":157,"date":"2025-09-07T21:52:34","date_gmt":"2025-09-07T21:52:34","guid":{"rendered":"https:\/\/legalmentelibre.com\/?page_id=157"},"modified":"2025-09-07T22:28:12","modified_gmt":"2025-09-07T22:28:12","slug":"quienes-somos","status":"publish","type":"page","link":"https:\/\/legalmentelibre.com\/?page_id=157","title":{"rendered":"QUIENES SOMOS"},"content":{"rendered":"\n<p>En <strong><mark style=\"background-color:rgba(0, 0, 0, 0)\" class=\"has-inline-color has-luminous-vivid-amber-color\">\u00abLegalmente Libre L&amp;L\u00bb<\/mark><\/strong> entendemos que la justicia no solo se trata de leyes, sino tambi\u00e9n de libertad y tranquilidad personal. <\/p>\n\n\n\n<p>Nuestro prop\u00f3sito es acompa\u00f1ar a quienes atraviesan procesos dif\u00edciles, brindando una representaci\u00f3n que libere cargas emocionales y asegure derechos fundamentales.<\/p>\n\n\n\n<p>Creemos firmemente que toda persona merece ser escuchada, defendida y respaldada. Nuestra fortaleza est\u00e1 en hacer prevalecer los derechos, garantizando que cada familia encuentre justicia y que cada ciudadano pueda ejercer su libertad con dignidad.<\/p>\n\n\n\n<p>Nuestro campo de acci\u00f3n actualmente se posiciona en las ciudades de La Paz y el Alto de Bolivia con oficinas en ambas ciudades.<\/p>\n\n\n\n<p>Desarrollamos nuestro trabajo con compromiso, \u00e9tica y sensibilidad humana, porque sabemos que detr\u00e1s de cada caso hay una vida que merece volver a sentirse en paz.<\/p>\n\n\n\n<hr class=\"wp-block-separator has-alpha-channel-opacity\"\/>\n\n\n\n<p id=\"mision\">\ud83c\udfaf <strong>Misi\u00f3n<\/strong><\/p>\n\n\n\n<p>Brindar asesor\u00eda y representaci\u00f3n legal con un enfoque humano y accesible, ayudando a las personas a liberarse de cargas emocionales y legales, garantizando siempre la protecci\u00f3n de sus derechos y los de su familia.<\/p>\n\n\n\n<p>\ud83c\udf1f <strong>Visi\u00f3n<\/strong><\/p>\n\n\n\n<p>Ser el estudio jur\u00eddico de referencia en Bolivia por nuestra capacidad de transformar procesos legales en caminos de libertad y justicia, devolviendo confianza y tranquilidad a cada cliente.<\/p>\n\n\n\n<p>\ud83c\udfdb\ufe0f <strong>Principios<\/strong><\/p>\n\n\n\n<p><strong>Justicia humana: <\/strong><br>Reconocemos la importancia de la dignidad y la paz emocional en cada proceso.<\/p>\n\n\n\n<p><strong>Defensa integral: <\/strong><br>Protegemos tanto la libertad f\u00edsica como los derechos personales y familiares.<\/p>\n\n\n\n<p><strong>Transparencia: <\/strong><br>Actuamos con claridad y honestidad en cada etapa del caso.<\/p>\n\n\n\n<p><strong>Compromiso social: <\/strong><br>Promovemos el respeto de los derechos de los hijos y de las familias m\u00e1s vulnerables.<\/p>\n\n\n\n<p><strong>\u00c9tica profesional:<\/strong> <br>Nuestra pr\u00e1ctica se basa en responsabilidad, respeto y confidencialidad absoluta.<\/p>\n","protected":false},"excerpt":{"rendered":"<p>En \u00abLegalmente Libre L&amp;L\u00bb entendemos que la justicia no solo se trata de leyes, sino tambi\u00e9n de libertad y tranquilidad personal. Nuestro prop\u00f3sito es acompa\u00f1ar a quienes atraviesan procesos dif\u00edciles, brindando una representaci\u00f3n que libere cargas emocionales y asegure derechos fundamentales. Creemos firmemente que toda persona merece ser escuchada, defendida y respaldada. Nuestra fortaleza est\u00e1 [&hellip;]<\/p>\n","protected":false},"author":1,"featured_media":159,"parent":0,"menu_order":0,"comment_status":"closed","ping_status":"closed","template":"","meta":{"footnotes":""},"class_list":["post-157","page","type-page","status-publish","has-post-thumbnail","hentry"],"_links":{"self":[{"href":"https:\/\/legalmentelibre.com\/index.php?rest_route=\/wp\/v2\/pages\/157","targetHints":{"allow":["GET"]}}],"collection":[{"href":"https:\/\/legalmentelibre.com\/index.php?rest_route=\/wp\/v2\/pages"}],"about":[{"href":"https:\/\/legalmentelibre.com\/index.php?rest_route=\/wp\/v2\/types\/page"}],"author":[{"embeddable":true,"href":"https:\/\/legalmentelibre.com\/index.php?rest_route=\/wp\/v2\/users\/1"}],"replies":[{"embeddable":true,"href":"https:\/\/legalmentelibre.com\/index.php?rest_route=%2Fwp%2Fv2%2Fcomments&post=157"}],"version-history":[{"count":5,"href":"https:\/\/legalmentelibre.com\/index.php?rest_route=\/wp\/v2\/pages\/157\/revisions"}],"predecessor-version":[{"id":175,"href":"https:\/\/legalmentelibre.com\/index.php?rest_route=\/wp\/v2\/pages\/157\/revisions\/175"}],"wp:featuredmedia":[{"embeddable":true,"href":"https:\/\/legalmentelibre.com\/index.php?rest_route=\/wp\/v2\/media\/159"}],"wp:attachment":[{"href":"https:\/\/legalmentelibre.com\/index.php?rest_route=%2Fwp%2Fv2%2Fmedia&parent=157"}],"curies":[{"name":"wp","href":"https:\/\/api.w.org\/{rel}","templated":true}]}}